{"id":549,"date":"2021-04-23T09:11:29","date_gmt":"2021-04-23T07:11:29","guid":{"rendered":"https:\/\/www.surehotelchateauroux.com\/spa\/"},"modified":"2025-12-08T20:49:20","modified_gmt":"2025-12-08T19:49:20","slug":"services-2","status":"publish","type":"page","link":"https:\/\/www.surehotelchateauroux.com\/en\/services-2\/","title":{"rendered":"Services"},"content":{"rendered":"","protected":false},"excerpt":{"rendered":"","protected":false},"author":1,"featured_media":0,"parent":0,"menu_order":0,"comment_status":"closed","ping_status":"closed","template":"page-builder.php","meta":{"_acf_changed":false,"footnotes":""},"class_list":["post-549","page","type-page","status-publish","hentry"],"acf":[],"yoast_head":"<!-- This site is optimized with the Yoast SEO plugin v27.4 - https:\/\/yoast.com\/product\/yoast-seo-wordpress\/ -->\n<title>Services | Sure Hotel by Best Western Chateauroux<\/title>\n<meta name=\"description\" content=\"Services Hotel Restaurant Amarys Ch\u00e2teauroux: appetising breakfast, local cuisine, free parking, charging station, specialities made in Berry\" \/>\n<meta name=\"robots\" content=\"index, follow, max-snippet:-1, max-image-preview:large, max-video-preview:-1\" \/>\n<link rel=\"canonical\" href=\"https:\/\/www.surehotelchateauroux.com\/en\/services-2\/\" \/>\n<meta property=\"og:locale\" content=\"en_US\" \/>\n<meta property=\"og:type\" content=\"article\" \/>\n<meta property=\"og:title\" content=\"Services | Sure Hotel by Best Western Chateauroux\" \/>\n<meta property=\"og:description\" content=\"Services Hotel Restaurant Amarys Ch\u00e2teauroux: appetising breakfast, local cuisine, free parking, charging station, specialities made in Berry\" \/>\n<meta property=\"og:url\" content=\"https:\/\/www.surehotelchateauroux.com\/en\/services-2\/\" \/>\n<meta property=\"og:site_name\" content=\"Sure Hotel by Best Western\" \/>\n<meta property=\"article:modified_time\" content=\"2025-12-08T19:49:20+00:00\" \/>\n<meta name=\"twitter:card\" content=\"summary_large_image\" \/>\n<script type=\"application\/ld+json\" class=\"yoast-schema-graph\">{\"@context\":\"https:\\\/\\\/schema.org\",\"@graph\":[{\"@type\":\"WebPage\",\"@id\":\"https:\\\/\\\/www.surehotelchateauroux.com\\\/en\\\/services-2\\\/\",\"url\":\"https:\\\/\\\/www.surehotelchateauroux.com\\\/en\\\/services-2\\\/\",\"name\":\"Services | Sure Hotel by Best Western Chateauroux\",\"isPartOf\":{\"@id\":\"https:\\\/\\\/www.surehotelchateauroux.com\\\/en\\\/#website\"},\"datePublished\":\"2021-04-23T07:11:29+00:00\",\"dateModified\":\"2025-12-08T19:49:20+00:00\",\"description\":\"Services Hotel Restaurant Amarys Ch\u00e2teauroux: appetising breakfast, local cuisine, free parking, charging station, specialities made in Berry\",\"breadcrumb\":{\"@id\":\"https:\\\/\\\/www.surehotelchateauroux.com\\\/en\\\/services-2\\\/#breadcrumb\"},\"inLanguage\":\"en-US\",\"potentialAction\":[{\"@type\":\"ReadAction\",\"target\":[\"https:\\\/\\\/www.surehotelchateauroux.com\\\/en\\\/services-2\\\/\"]}]},{\"@type\":\"BreadcrumbList\",\"@id\":\"https:\\\/\\\/www.surehotelchateauroux.com\\\/en\\\/services-2\\\/#breadcrumb\",\"itemListElement\":[{\"@type\":\"ListItem\",\"position\":1,\"name\":\"Accueil\",\"item\":\"https:\\\/\\\/www.surehotelchateauroux.com\\\/en\\\/\"},{\"@type\":\"ListItem\",\"position\":2,\"name\":\"Services\"}]},{\"@type\":\"WebSite\",\"@id\":\"https:\\\/\\\/www.surehotelchateauroux.com\\\/en\\\/#website\",\"url\":\"https:\\\/\\\/www.surehotelchateauroux.com\\\/en\\\/\",\"name\":\"Sure Hotel by Best Western\",\"description\":\"H\u00f4tel et Restaurant \u00e0 Ch\u00e2teauroux\",\"potentialAction\":[{\"@type\":\"SearchAction\",\"target\":{\"@type\":\"EntryPoint\",\"urlTemplate\":\"https:\\\/\\\/www.surehotelchateauroux.com\\\/en\\\/?s={search_term_string}\"},\"query-input\":{\"@type\":\"PropertyValueSpecification\",\"valueRequired\":true,\"valueName\":\"search_term_string\"}}],\"inLanguage\":\"en-US\"}]}<\/script>\n<!-- \/ Yoast SEO plugin. -->","yoast_head_json":{"title":"Services | Sure Hotel by Best Western Chateauroux","description":"Services Hotel Restaurant Amarys Ch\u00e2teauroux: appetising breakfast, local cuisine, free parking, charging station, specialities made in Berry","robots":{"index":"index","follow":"follow","max-snippet":"max-snippet:-1","max-image-preview":"max-image-preview:large","max-video-preview":"max-video-preview:-1"},"canonical":"https:\/\/www.surehotelchateauroux.com\/en\/services-2\/","og_locale":"en_US","og_type":"article","og_title":"Services | Sure Hotel by Best Western Chateauroux","og_description":"Services Hotel Restaurant Amarys Ch\u00e2teauroux: appetising breakfast, local cuisine, free parking, charging station, specialities made in Berry","og_url":"https:\/\/www.surehotelchateauroux.com\/en\/services-2\/","og_site_name":"Sure Hotel by Best Western","article_modified_time":"2025-12-08T19:49:20+00:00","twitter_card":"summary_large_image","schema":{"@context":"https:\/\/schema.org","@graph":[{"@type":"WebPage","@id":"https:\/\/www.surehotelchateauroux.com\/en\/services-2\/","url":"https:\/\/www.surehotelchateauroux.com\/en\/services-2\/","name":"Services | Sure Hotel by Best Western Chateauroux","isPartOf":{"@id":"https:\/\/www.surehotelchateauroux.com\/en\/#website"},"datePublished":"2021-04-23T07:11:29+00:00","dateModified":"2025-12-08T19:49:20+00:00","description":"Services Hotel Restaurant Amarys Ch\u00e2teauroux: appetising breakfast, local cuisine, free parking, charging station, specialities made in Berry","breadcrumb":{"@id":"https:\/\/www.surehotelchateauroux.com\/en\/services-2\/#breadcrumb"},"inLanguage":"en-US","potentialAction":[{"@type":"ReadAction","target":["https:\/\/www.surehotelchateauroux.com\/en\/services-2\/"]}]},{"@type":"BreadcrumbList","@id":"https:\/\/www.surehotelchateauroux.com\/en\/services-2\/#breadcrumb","itemListElement":[{"@type":"ListItem","position":1,"name":"Accueil","item":"https:\/\/www.surehotelchateauroux.com\/en\/"},{"@type":"ListItem","position":2,"name":"Services"}]},{"@type":"WebSite","@id":"https:\/\/www.surehotelchateauroux.com\/en\/#website","url":"https:\/\/www.surehotelchateauroux.com\/en\/","name":"Sure Hotel by Best Western","description":"H\u00f4tel et Restaurant \u00e0 Ch\u00e2teauroux","potentialAction":[{"@type":"SearchAction","target":{"@type":"EntryPoint","urlTemplate":"https:\/\/www.surehotelchateauroux.com\/en\/?s={search_term_string}"},"query-input":{"@type":"PropertyValueSpecification","valueRequired":true,"valueName":"search_term_string"}}],"inLanguage":"en-US"}]}},"_links":{"self":[{"href":"https:\/\/www.surehotelchateauroux.com\/en\/wp-json\/wp\/v2\/pages\/549","targetHints":{"allow":["GET"]}}],"collection":[{"href":"https:\/\/www.surehotelchateauroux.com\/en\/wp-json\/wp\/v2\/pages"}],"about":[{"href":"https:\/\/www.surehotelchateauroux.com\/en\/wp-json\/wp\/v2\/types\/page"}],"author":[{"embeddable":true,"href":"https:\/\/www.surehotelchateauroux.com\/en\/wp-json\/wp\/v2\/users\/1"}],"replies":[{"embeddable":true,"href":"https:\/\/www.surehotelchateauroux.com\/en\/wp-json\/wp\/v2\/comments?post=549"}],"version-history":[{"count":18,"href":"https:\/\/www.surehotelchateauroux.com\/en\/wp-json\/wp\/v2\/pages\/549\/revisions"}],"predecessor-version":[{"id":2286,"href":"https:\/\/www.surehotelchateauroux.com\/en\/wp-json\/wp\/v2\/pages\/549\/revisions\/2286"}],"wp:attachment":[{"href":"https:\/\/www.surehotelchateauroux.com\/en\/wp-json\/wp\/v2\/media?parent=549"}],"curies":[{"name":"wp","href":"https:\/\/api.w.org\/{rel}","templated":true}]}}