{"id":548,"date":"2021-04-23T09:11:09","date_gmt":"2021-04-23T07:11:09","guid":{"rendered":"https:\/\/www.surehotelchateauroux.com\/restauration\/"},"modified":"2026-03-25T16:08:18","modified_gmt":"2026-03-25T15:08:18","slug":"restaurant-lounge","status":"publish","type":"page","link":"https:\/\/www.surehotelchateauroux.com\/en\/restaurant-lounge\/","title":{"rendered":"Restaurant"},"content":{"rendered":"","protected":false},"excerpt":{"rendered":"","protected":false},"author":1,"featured_media":0,"parent":0,"menu_order":0,"comment_status":"closed","ping_status":"closed","template":"page-restauration.php","meta":{"_acf_changed":false,"footnotes":""},"class_list":["post-548","page","type-page","status-publish","hentry"],"acf":[],"yoast_head":"<!-- This site is optimized with the Yoast SEO plugin v27.4 - https:\/\/yoast.com\/product\/yoast-seo-wordpress\/ -->\n<title>Restaurant Amarys Chateauroux | Sure Hotel by Best Western<\/title>\n<meta name=\"description\" content=\"Restaurant Chateauroux - Official Website - At Amarys restaurant in Chateauroux the seasons menu change, the menu uses natural, simple products cooked to perfection!\" \/>\n<meta name=\"robots\" content=\"index, follow, max-snippet:-1, max-image-preview:large, max-video-preview:-1\" \/>\n<link rel=\"canonical\" href=\"https:\/\/www.surehotelchateauroux.com\/en\/restaurant-lounge\/\" \/>\n<meta property=\"og:locale\" content=\"en_US\" \/>\n<meta property=\"og:type\" content=\"article\" \/>\n<meta property=\"og:title\" content=\"Restaurant Amarys Chateauroux | Sure Hotel by Best Western\" \/>\n<meta property=\"og:description\" content=\"Restaurant Chateauroux - Official Website - At Amarys restaurant in Chateauroux the seasons menu change, the menu uses natural, simple products cooked to perfection!\" \/>\n<meta property=\"og:url\" content=\"https:\/\/www.surehotelchateauroux.com\/en\/restaurant-lounge\/\" \/>\n<meta property=\"og:site_name\" content=\"Sure Hotel by Best Western\" \/>\n<meta property=\"article:modified_time\" content=\"2026-03-25T15:08:18+00:00\" \/>\n<meta name=\"twitter:card\" content=\"summary_large_image\" \/>\n<script type=\"application\/ld+json\" class=\"yoast-schema-graph\">{\"@context\":\"https:\\\/\\\/schema.org\",\"@graph\":[{\"@type\":\"WebPage\",\"@id\":\"https:\\\/\\\/www.surehotelchateauroux.com\\\/en\\\/restaurant-lounge\\\/\",\"url\":\"https:\\\/\\\/www.surehotelchateauroux.com\\\/en\\\/restaurant-lounge\\\/\",\"name\":\"Restaurant Amarys Chateauroux | Sure Hotel by Best Western\",\"isPartOf\":{\"@id\":\"https:\\\/\\\/www.surehotelchateauroux.com\\\/en\\\/#website\"},\"datePublished\":\"2021-04-23T07:11:09+00:00\",\"dateModified\":\"2026-03-25T15:08:18+00:00\",\"description\":\"Restaurant Chateauroux - Official Website - At Amarys restaurant in Chateauroux the seasons menu change, the menu uses natural, simple products cooked to perfection!\",\"breadcrumb\":{\"@id\":\"https:\\\/\\\/www.surehotelchateauroux.com\\\/en\\\/restaurant-lounge\\\/#breadcrumb\"},\"inLanguage\":\"en-US\",\"potentialAction\":[{\"@type\":\"ReadAction\",\"target\":[\"https:\\\/\\\/www.surehotelchateauroux.com\\\/en\\\/restaurant-lounge\\\/\"]}]},{\"@type\":\"BreadcrumbList\",\"@id\":\"https:\\\/\\\/www.surehotelchateauroux.com\\\/en\\\/restaurant-lounge\\\/#breadcrumb\",\"itemListElement\":[{\"@type\":\"ListItem\",\"position\":1,\"name\":\"Accueil\",\"item\":\"https:\\\/\\\/www.surehotelchateauroux.com\\\/en\\\/\"},{\"@type\":\"ListItem\",\"position\":2,\"name\":\"Restaurant\"}]},{\"@type\":\"WebSite\",\"@id\":\"https:\\\/\\\/www.surehotelchateauroux.com\\\/en\\\/#website\",\"url\":\"https:\\\/\\\/www.surehotelchateauroux.com\\\/en\\\/\",\"name\":\"Sure Hotel by Best Western\",\"description\":\"H\u00f4tel et Restaurant \u00e0 Ch\u00e2teauroux\",\"potentialAction\":[{\"@type\":\"SearchAction\",\"target\":{\"@type\":\"EntryPoint\",\"urlTemplate\":\"https:\\\/\\\/www.surehotelchateauroux.com\\\/en\\\/?s={search_term_string}\"},\"query-input\":{\"@type\":\"PropertyValueSpecification\",\"valueRequired\":true,\"valueName\":\"search_term_string\"}}],\"inLanguage\":\"en-US\"}]}<\/script>\n<!-- \/ Yoast SEO plugin. -->","yoast_head_json":{"title":"Restaurant Amarys Chateauroux | Sure Hotel by Best Western","description":"Restaurant Chateauroux - Official Website - At Amarys restaurant in Chateauroux the seasons menu change, the menu uses natural, simple products cooked to perfection!","robots":{"index":"index","follow":"follow","max-snippet":"max-snippet:-1","max-image-preview":"max-image-preview:large","max-video-preview":"max-video-preview:-1"},"canonical":"https:\/\/www.surehotelchateauroux.com\/en\/restaurant-lounge\/","og_locale":"en_US","og_type":"article","og_title":"Restaurant Amarys Chateauroux | Sure Hotel by Best Western","og_description":"Restaurant Chateauroux - Official Website - At Amarys restaurant in Chateauroux the seasons menu change, the menu uses natural, simple products cooked to perfection!","og_url":"https:\/\/www.surehotelchateauroux.com\/en\/restaurant-lounge\/","og_site_name":"Sure Hotel by Best Western","article_modified_time":"2026-03-25T15:08:18+00:00","twitter_card":"summary_large_image","schema":{"@context":"https:\/\/schema.org","@graph":[{"@type":"WebPage","@id":"https:\/\/www.surehotelchateauroux.com\/en\/restaurant-lounge\/","url":"https:\/\/www.surehotelchateauroux.com\/en\/restaurant-lounge\/","name":"Restaurant Amarys Chateauroux | Sure Hotel by Best Western","isPartOf":{"@id":"https:\/\/www.surehotelchateauroux.com\/en\/#website"},"datePublished":"2021-04-23T07:11:09+00:00","dateModified":"2026-03-25T15:08:18+00:00","description":"Restaurant Chateauroux - Official Website - At Amarys restaurant in Chateauroux the seasons menu change, the menu uses natural, simple products cooked to perfection!","breadcrumb":{"@id":"https:\/\/www.surehotelchateauroux.com\/en\/restaurant-lounge\/#breadcrumb"},"inLanguage":"en-US","potentialAction":[{"@type":"ReadAction","target":["https:\/\/www.surehotelchateauroux.com\/en\/restaurant-lounge\/"]}]},{"@type":"BreadcrumbList","@id":"https:\/\/www.surehotelchateauroux.com\/en\/restaurant-lounge\/#breadcrumb","itemListElement":[{"@type":"ListItem","position":1,"name":"Accueil","item":"https:\/\/www.surehotelchateauroux.com\/en\/"},{"@type":"ListItem","position":2,"name":"Restaurant"}]},{"@type":"WebSite","@id":"https:\/\/www.surehotelchateauroux.com\/en\/#website","url":"https:\/\/www.surehotelchateauroux.com\/en\/","name":"Sure Hotel by Best Western","description":"H\u00f4tel et Restaurant \u00e0 Ch\u00e2teauroux","potentialAction":[{"@type":"SearchAction","target":{"@type":"EntryPoint","urlTemplate":"https:\/\/www.surehotelchateauroux.com\/en\/?s={search_term_string}"},"query-input":{"@type":"PropertyValueSpecification","valueRequired":true,"valueName":"search_term_string"}}],"inLanguage":"en-US"}]}},"_links":{"self":[{"href":"https:\/\/www.surehotelchateauroux.com\/en\/wp-json\/wp\/v2\/pages\/548","targetHints":{"allow":["GET"]}}],"collection":[{"href":"https:\/\/www.surehotelchateauroux.com\/en\/wp-json\/wp\/v2\/pages"}],"about":[{"href":"https:\/\/www.surehotelchateauroux.com\/en\/wp-json\/wp\/v2\/types\/page"}],"author":[{"embeddable":true,"href":"https:\/\/www.surehotelchateauroux.com\/en\/wp-json\/wp\/v2\/users\/1"}],"replies":[{"embeddable":true,"href":"https:\/\/www.surehotelchateauroux.com\/en\/wp-json\/wp\/v2\/comments?post=548"}],"version-history":[{"count":55,"href":"https:\/\/www.surehotelchateauroux.com\/en\/wp-json\/wp\/v2\/pages\/548\/revisions"}],"predecessor-version":[{"id":2311,"href":"https:\/\/www.surehotelchateauroux.com\/en\/wp-json\/wp\/v2\/pages\/548\/revisions\/2311"}],"wp:attachment":[{"href":"https:\/\/www.surehotelchateauroux.com\/en\/wp-json\/wp\/v2\/media?parent=548"}],"curies":[{"name":"wp","href":"https:\/\/api.w.org\/{rel}","templated":true}]}}